{"id":2,"date":"2012-11-29T16:39:17","date_gmt":"2012-11-29T16:39:17","guid":{"rendered":"http:\/\/pracamaior.com.br\/blog\/?page_id=2"},"modified":"2014-07-15T12:20:16","modified_gmt":"2014-07-15T15:20:16","slug":"quemsomos","status":"publish","type":"page","link":"http:\/\/pracamaior.com.br\/blog\/quemsomos\/","title":{"rendered":"Quem Somos"},"content":{"rendered":"<p><strong>Praticidade e Facilidade\u00a0<\/strong><\/p>\n<p>O condom\u00ednio Pra\u00e7a Maior \u00e9 a harmonia entre suas necessidades profissionais, dinamismo e bem estar. Unir o \u00fatil ao agrad\u00e1vel vai al\u00e9m da localiza\u00e7\u00e3o privilegiada no novo p\u00f3lo estrat\u00e9gico de Sorocaba e a rela\u00e7\u00e3o entre escrit\u00f3rios e lojas, onde as pessoas podem usufruir da comodidade de restaurantes, caf\u00e9s e outros servi\u00e7os, evitando aqueles inoportunos problemas causados pelo tr\u00e2nsito, como tempo improdutivo e estresse. Por abrigar empresas dos mais diversos segmentos em um modelo condom\u00ednio horizontal, as parcerias se tornam extremamente pr\u00e1ticas e f\u00e1ceis, pois proporcionando um maior contato entre as empresas o networking tamb\u00e9m se torna mais ativo.<\/p>\n<p><strong>Seguran\u00e7a<\/strong><\/p>\n<p>Nossa proposta, al\u00e9m de funcional, releva seguran\u00e7a, o condom\u00ednio Pra\u00e7a Maior \u00e9 todo cercado e monitorado por uma empresa especializada, num ambiente din\u00e2mico e seguro.\u00a0Resultados h\u00e1beis para dar o m\u00e1ximo de apoio ao seu empreendimento, e \u00e9 claro, qualidade de vida para nossos parceiros. Assim \u00e9 o Pra\u00e7a Maior, o maior e melhor estruturado condom\u00ednio de escrit\u00f3rios da regi\u00e3o com a comodidade de ter tudo ao seu alcance.<\/p>\n<p><strong>Conviv\u00eancia e Conveni\u00eancia<\/strong><\/p>\n<p>A flexibilidade de um moderno Business Center e toda a praticidade de um lojas de servi\u00e7os, \u00e9 o que o Pra\u00e7a Maior proporciona. No dia-a-dia de trabalho, qualidade de vida e agilidade profissional s\u00e3o fatores cruciais para o sucesso e realiza\u00e7\u00e3o. No condom\u00ednio Pra\u00e7a Maior voc\u00ea tem conviv\u00eancia e conveni\u00eancia em um s\u00f3 lugar.<\/p>\n","protected":false},"excerpt":{"rendered":"<p>Praticidade e Facilidade\u00a0 O condom\u00ednio Pra\u00e7a Maior \u00e9 a harmonia entre suas necessidades profissionais, dinamismo e bem estar. Unir o \u00fatil ao agrad\u00e1vel vai al\u00e9m da localiza\u00e7\u00e3o privilegiada no novo p\u00f3lo estrat\u00e9gico de Sorocaba e a rela\u00e7\u00e3o entre escrit\u00f3rios e lojas, onde as pessoas podem usufruir da comodidade de restaurantes, caf\u00e9s e outros servi\u00e7os, evitando aqueles inoportunos problemas causados pelo tr\u00e2nsito, como tempo improdutivo e estresse. Por abrigar empresas dos mais diversos segmentos em um modelo condom\u00ednio horizontal, as parcerias se tornam extremamente pr\u00e1ticas e f\u00e1ceis, pois proporcionando um maior contato entre as empresas o networking tamb\u00e9m se torna mais [&hellip;]<\/p>\n","protected":false},"author":1,"featured_media":0,"parent":0,"menu_order":1,"comment_status":"open","ping_status":"open","template":"template-fullwidth.php","meta":[],"_links":{"self":[{"href":"http:\/\/pracamaior.com.br\/blog\/wp-json\/wp\/v2\/pages\/2"}],"collection":[{"href":"http:\/\/pracamaior.com.br\/blog\/wp-json\/wp\/v2\/pages"}],"about":[{"href":"http:\/\/pracamaior.com.br\/blog\/wp-json\/wp\/v2\/types\/page"}],"author":[{"embeddable":true,"href":"http:\/\/pracamaior.com.br\/blog\/wp-json\/wp\/v2\/users\/1"}],"replies":[{"embeddable":true,"href":"http:\/\/pracamaior.com.br\/blog\/wp-json\/wp\/v2\/comments?post=2"}],"version-history":[{"count":6,"href":"http:\/\/pracamaior.com.br\/blog\/wp-json\/wp\/v2\/pages\/2\/revisions"}],"predecessor-version":[{"id":920,"href":"http:\/\/pracamaior.com.br\/blog\/wp-json\/wp\/v2\/pages\/2\/revisions\/920"}],"wp:attachment":[{"href":"http:\/\/pracamaior.com.br\/blog\/wp-json\/wp\/v2\/media?parent=2"}],"curies":[{"name":"wp","href":"https:\/\/api.w.org\/{rel}","templated":true}]}}